{"id":5318,"date":"2024-09-27T09:48:57","date_gmt":"2024-09-27T07:48:57","guid":{"rendered":"https:\/\/residence-argeles-sur-mer.com\/residentie-perpignan\/"},"modified":"2024-12-02T10:27:40","modified_gmt":"2024-12-02T09:27:40","slug":"residentie-perpignan","status":"publish","type":"page","link":"https:\/\/residence-argeles-sur-mer.com\/nl\/residentie-perpignan\/","title":{"rendered":"Huur een comfortabele accommodatie voor jouw vakantie in Perpignan"},"content":{"rendered":"\n<div class=\"wp-block-group alignwide is-layout-flow wp-block-group-is-layout-flow\" style=\"padding-top:0;padding-bottom:0\"><h2 class=\"wp-block-heading has-accent-color has-text-color has-link-color has-x-large-font-size wp-elements-1504ac215a01d79683efd7ebe9feadb1\" id=\"onze-residentie-ideaal-gelegen-op-een-steenworp-afstand-van-perpignan\"><strong>Onze residentie, ideaal gelegen op een steenworp afstand van Perpignan<\/strong><\/h2>\n\n\n<div class=\"wp-block-columns is-layout-flex wp-container-core-columns-is-layout-1 wp-block-columns-is-layout-flex\" style=\"padding-right:0;padding-left:0\">\n<div class=\"wp-block-column is-layout-flow wp-block-column-is-layout-flow\">\n<p><a href=\"https:\/\/residence-argeles-sur-mer.com\/nl\/\">De R\u00e9sidence Antin\u00e9a , in de Pyr\u00e9n\u00e9es-Orientales<\/a>, is ideaal gelegen op een steenworp afstand van Perpignan en is de perfecte uitvalsbasis om <a href=\"https:\/\/residence-argeles-sur-mer.com\/nl\/toerisme-pyrenees-orientales\/\">onze prachtige Catalaanse regio te ontdekken<\/a>!<\/p>\n\n\n\n<p>Wanneer je in een van <a href=\"https:\/\/residence-argeles-sur-mer.com\/nl\/accommodatie-verhuur-argeles-sur-mer\/\">onze studio&#8217;s of appartementen in de residentie<\/a> verblijft, kun je <strong>het rijke culturele en historische erfgoed van Perpignan<\/strong> verkennen, met zijn <strong>pittoreske smalle straatjes<\/strong>, <strong>levendige markten<\/strong> en <strong>iconische monumenten<\/strong> zoals het <strong>Paleis van de Koningen van Mallorca<\/strong> en <strong>de kathedraal Saint-Jean-Baptiste<\/strong>.<\/p>\n\n\n\n<p>Vlakbij nodigen de <strong>stranden van Argel\u00e8s-sur-Mer<\/strong> je uit om <strong>te ontspannen<\/strong> en te genieten van <strong>watersporten<\/strong>.<\/p>\n\n\n\n<p>De regio is ook rijk aan <strong>wijngaarden<\/strong>, <strong>wandelpaden<\/strong> en <strong>typische dorpjes<\/strong> om te bezoeken.<\/p>\n\n\n\n<p>Profiteer van onze <strong>bevoorrechte locatie<\/strong> voor een gevarieerde en verrijkende vakantie.<\/p>\n\n\n\n<p>Antin\u00e9a Of je nu een liefhebber bent van <strong>natuur<\/strong>, <strong>cultuur<\/strong> of <strong>gastronomie<\/strong><s>,<\/s> R\u00e9sidence bij Perpignan is de perfecte plek voor een onvergetelijke vakantie op het Catalaanse platteland.<\/p>\n\n\n\n<p>Boek nu en laat je verleiden door de schoonheid van onze regio! <\/p>\n<\/div>\n\n\n\n<div class=\"wp-block-column is-layout-flow wp-container-core-column-is-layout-2 wp-block-column-is-layout-flow\">\n<div class=\"wp-block-group animated fadeIn slow is-layout-flow wp-block-group-is-layout-flow\">\n<figure data-wp-context=\"{&quot;imageId&quot;:&quot;69f0c482484d5&quot;}\" data-wp-interactive=\"core\/image\" class=\"wp-block-image size-full wp-lightbox-container\"><img data-dominant-color=\"76675b\" data-has-transparency=\"false\" decoding=\"async\" width=\"648\" height=\"865\" data-wp-class--hide=\"state.isContentHidden\" data-wp-class--show=\"state.isContentVisible\" data-wp-init=\"callbacks.setButtonStyles\" data-wp-on-async--click=\"actions.showLightbox\" data-wp-on-async--load=\"callbacks.setButtonStyles\" data-wp-on-async-window--resize=\"callbacks.setButtonStyles\" src=\"https:\/\/residence-argeles-sur-mer.com\/wp-content\/uploads\/sites\/6\/2024\/10\/ruelles-pittoresques-perpignan.webp\" alt=\"pittoreske straatjes perpignan\" class=\"wp-image-4494 not-transparent\" style=\"--dominant-color: #76675b; aspect-ratio:3\/4;object-fit:cover\" srcset=\"https:\/\/residence-argeles-sur-mer.com\/wp-content\/uploads\/sites\/6\/2024\/10\/ruelles-pittoresques-perpignan.webp 648w, https:\/\/residence-argeles-sur-mer.com\/wp-content\/uploads\/sites\/6\/2024\/10\/ruelles-pittoresques-perpignan-592x790.webp 592w\" sizes=\"(max-width: 648px) 100vw, 648px\" \/><button\n\t\t\tclass=\"lightbox-trigger\"\n\t\t\ttype=\"button\"\n\t\t\taria-haspopup=\"dialog\"\n\t\t\taria-label=\"Vergroot afbeelding: pittoreske straatjes perpignan\"\n\t\t\tdata-wp-init=\"callbacks.initTriggerButton\"\n\t\t\tdata-wp-on-async--click=\"actions.showLightbox\"\n\t\t\tdata-wp-style--right=\"state.imageButtonRight\"\n\t\t\tdata-wp-style--top=\"state.imageButtonTop\"\n\t\t>\n\t\t\t<svg xmlns=\"http:\/\/www.w3.org\/2000\/svg\" width=\"12\" height=\"12\" fill=\"none\" viewBox=\"0 0 12 12\">\n\t\t\t\t<path fill=\"#fff\" d=\"M2 0a2 2 0 0 0-2 2v2h1.5V2a.5.5 0 0 1 .5-.5h2V0H2Zm2 10.5H2a.5.5 0 0 1-.5-.5V8H0v2a2 2 0 0 0 2 2h2v-1.5ZM8 12v-1.5h2a.5.5 0 0 0 .5-.5V8H12v2a2 2 0 0 1-2 2H8Zm2-12a2 2 0 0 1 2 2v2h-1.5V2a.5.5 0 0 0-.5-.5H8V0h2Z\" \/>\n\t\t\t<\/svg>\n\t\t<\/button><\/figure>\n<\/div>\n<\/div>\n<\/div>\n\n\n\n<div style=\"height:var(--wp--preset--spacing--20)\" aria-hidden=\"true\" class=\"wp-block-spacer\"><\/div>\n<\/div>\n\n<div class=\"wp-block-group alignfull gt-reveal is-nowrap is-layout-flex wp-container-core-group-is-layout-5 wp-block-group-is-layout-flex\">\n<div class=\"wp-block-cover is-light gt-hide-mobile wp-container-content-1\" style=\"min-height:100vh;aspect-ratio:unset;\"><img data-dominant-color=\"ab9384\" data-has-transparency=\"false\" style=\"--dominant-color: #ab9384;\" decoding=\"async\" width=\"381\" height=\"859\" class=\"wp-block-cover__image-background wp-image-4496 not-transparent\" alt=\"salle de bains privative\" src=\"https:\/\/residence-argeles-sur-mer.com\/wp-content\/uploads\/sites\/6\/2024\/10\/salle-de-bains-privative.webp\" data-object-fit=\"cover\" srcset=\"https:\/\/residence-argeles-sur-mer.com\/wp-content\/uploads\/sites\/6\/2024\/10\/salle-de-bains-privative.webp 381w, https:\/\/residence-argeles-sur-mer.com\/wp-content\/uploads\/sites\/6\/2024\/10\/salle-de-bains-privative-350x790.webp 350w\" sizes=\"(max-width: 381px) 100vw, 381px\" \/><span aria-hidden=\"true\" class=\"wp-block-cover__background has-background-dim-10 has-background-dim\"><\/span><div class=\"wp-block-cover__inner-container has-global-padding is-layout-constrained wp-block-cover-is-layout-constrained\">\n<p class=\"has-text-align-center has-large-font-size\"><\/p>\n<\/div><\/div>\n\n\n\n<div class=\"wp-block-cover has-custom-content-position is-position-top-center wp-container-content-2\" style=\"padding-top:0;padding-bottom:0;min-height:100vh;aspect-ratio:unset;\"><img data-dominant-color=\"8f9663\" data-has-transparency=\"false\" style=\"--dominant-color: #8f9663;\" decoding=\"async\" width=\"1514\" height=\"867\" class=\"wp-block-cover__image-background wp-image-6892 not-transparent\" alt=\"antinea studios en location pres de perpignan\" src=\"https:\/\/residence-argeles-sur-mer.com\/wp-content\/uploads\/sites\/6\/2024\/11\/antinea-studios-en-location-pres-de-perpignan.webp\" data-object-fit=\"cover\" srcset=\"https:\/\/residence-argeles-sur-mer.com\/wp-content\/uploads\/sites\/6\/2024\/11\/antinea-studios-en-location-pres-de-perpignan.webp 1514w, https:\/\/residence-argeles-sur-mer.com\/wp-content\/uploads\/sites\/6\/2024\/11\/antinea-studios-en-location-pres-de-perpignan-690x395.webp 690w, https:\/\/residence-argeles-sur-mer.com\/wp-content\/uploads\/sites\/6\/2024\/11\/antinea-studios-en-location-pres-de-perpignan-768x440.webp 768w\" sizes=\"(max-width: 1514px) 100vw, 1514px\" \/><span aria-hidden=\"true\" class=\"wp-block-cover__background has-background-dim-30 has-background-dim\"><\/span><div class=\"wp-block-cover__inner-container has-global-padding is-layout-constrained wp-block-cover-is-layout-constrained\">\n<div class=\"wp-block-group gt-reveal-down has-global-padding is-layout-constrained wp-container-core-group-is-layout-4 wp-block-group-is-layout-constrained\">\n<div class=\"wp-block-group has-contrast-3-background-color has-background is-layout-flow wp-block-group-is-layout-flow\" style=\"min-height:12rem\"><\/div>\n<\/div>\n\n\n\n<figure class=\"wp-block-image aligncenter size-full gt-reveal-down wp-duotone-e5e0ce-ffffff-1\"><img data-dominant-color=\"b15526\" data-has-transparency=\"true\" style=\"--dominant-color: #b15526;\" decoding=\"async\" width=\"43\" height=\"21\" src=\"https:\/\/residence-argeles-sur-mer.com\/wp-content\/uploads\/sites\/6\/2024\/08\/separator.png\" alt=\"scheider\" class=\"wp-image-150 has-transparency\"\/><\/figure>\n\n\n\n<div style=\"height:1rem\" aria-hidden=\"true\" class=\"wp-block-spacer\"><\/div>\n\n\n<h2 class=\"wp-block-heading has-text-align-center has-base-color has-text-color has-link-color has-large-font-size wp-elements-7dee1654eb46b8e5079f7be8ae263c4d\" id=\"onze-studio-appartementente-huur-bij-perpignan\">Onze studio appartementen<br>te huur bij Perpignan<\/h2>\n\n\n<p class=\"has-text-align-center has-base-color has-text-color has-link-color has-medium-font-size wp-elements-1c19a191142fc3591e49c60a2e60aaf8\">Onze studio&#8217;s <strong>zelfstandige in de buurt van Perpignan<\/strong> zijn ideaal voor <strong>zowel korte als lange verblijven<\/strong>. Ze zijn <strong>ideaal gelegen<\/strong> zodat je optimaal van de regio kunt genieten. Elke studio is uitgerust met <strong>alles wat je nodig hebt voor een aangenaam verblijf<\/strong>: kitchenette, eigen badkamer, slaapbank en een buitenterras van 10 m\u00b2. Je kunt <strong>Perpignan verkennen<\/strong> met zijn <strong>rijke cultuur<\/strong>, <strong>kleurrijke markten<\/strong> en <strong>vele restaurants<\/strong>. La <strong><a href=\"https:\/\/residence-argeles-sur-mer.com\/nl\/residentie-strand-argeles-sur-mer\/\">nabijheid van de stranden van Argel\u00e8s-sur-Mer<\/a><\/strong> en de <strong>wandelpaden<\/strong> in de Pyrenee\u00ebn garanderen een <strong>verscheidenheid aan activiteiten<\/strong>. Of je nu op <strong>vakantie<\/strong> bent of <strong>op zakenreis<\/strong>, onze studio&#8217;s bieden je een<a href=\"https:\/\/residence-argeles-sur-mer.com\/nl\/goedkoop-residentie-argeles-sur-mer\/\">flexibele, voordelige accommodatieoplossing<\/a>.     <\/p>\n\n\n\n<div style=\"height:var(--wp--preset--spacing--40)\" aria-hidden=\"true\" class=\"wp-block-spacer\"><\/div>\n<\/div><\/div>\n<\/div>\n\n<div style=\"height:2rem\" aria-hidden=\"true\" class=\"wp-block-spacer\"><\/div>\n\n<div class=\"wp-block-group alignwide is-layout-flow wp-block-group-is-layout-flow\" style=\"padding-top:0;padding-bottom:0\"><h3 class=\"wp-block-heading has-accent-color has-text-color has-link-color has-x-large-font-size wp-elements-7ab685f858a83e1dc3392d0e66215b4e\" id=\"onze-appartementen-te-huur-in-de-buurt-van-perpignan\"><strong>Onze appartementen te huur in de buurt van Perpignan<\/strong><\/h3>\n\n\n<div class=\"wp-block-columns is-layout-flex wp-container-core-columns-is-layout-2 wp-block-columns-is-layout-flex\" style=\"padding-right:0;padding-left:0\">\n<div class=\"wp-block-column is-layout-flow wp-block-column-is-layout-flow\">\n<p>Onze huurappartementen in de buurt van Perpignan zijn perfect voor een aangenaam verblijf.<\/p>\n\n\n\n<p>Elk appartement heeft een <strong>priv\u00e9terras van 10 m\u00b2<\/strong>, ideaal om te genieten van de mooie Catalaanse avonden.<\/p>\n\n\n\n<p class=\"m-b-0\">Deze buitenruimtes zijn uitgerust met een <strong>gasplancha<\/strong>, zodat je in een <strong>gezellige sfeer<\/strong> kunt genieten van gegrild vlees in de buitenlucht.<\/p>\n\n\n\n<p class=\"m-b-0\">Onze appartementen hebben een volledig uitgeruste keuken en badkamer.<\/p>\n\n\n\n<p class=\"m-b-0\">Dankzij de <strong>nabijheid van Perpignan<\/strong> kun je deze dynamische stad met zijn historische monumenten, winkels en restaurants gemakkelijk ontdekken.<\/p>\n\n\n\n<p class=\"m-b-0\">Of je nu <strong>op vakantie bent of op zakenreis<\/strong>, onze accommodatie biedt je de ideale oplossing om optimaal van je verblijf te genieten.<\/p>\n\n\n\n<p class=\"m-b-0\">Boek nu en laat je verleiden door de <strong>charme<\/strong> en <strong>het comfort<\/strong> van onze huuraccommodaties.<\/p>\n<\/div>\n\n\n\n<div class=\"wp-block-column is-vertically-aligned-center is-layout-flow wp-container-core-column-is-layout-4 wp-block-column-is-layout-flow\">\n<div class=\"wp-block-group animated fadeIn slow is-layout-flow wp-block-group-is-layout-flow\">\n<figure data-wp-context=\"{&quot;imageId&quot;:&quot;69f0c4824c56e&quot;}\" data-wp-interactive=\"core\/image\" class=\"wp-block-image size-full wp-lightbox-container\"><img data-dominant-color=\"9eacc5\" data-has-transparency=\"false\" decoding=\"async\" width=\"648\" height=\"865\" data-wp-class--hide=\"state.isContentHidden\" data-wp-class--show=\"state.isContentVisible\" data-wp-init=\"callbacks.setButtonStyles\" data-wp-on-async--click=\"actions.showLightbox\" data-wp-on-async--load=\"callbacks.setButtonStyles\" data-wp-on-async-window--resize=\"callbacks.setButtonStyles\" src=\"https:\/\/residence-argeles-sur-mer.com\/wp-content\/uploads\/sites\/6\/2024\/10\/nos-appartements-a-louer-a-proximite-de-perpignan.webp\" alt=\"onze appartementen te huur in de buurt van perpignan\" class=\"wp-image-4501 not-transparent\" style=\"--dominant-color: #9eacc5; aspect-ratio:3\/4;object-fit:cover\" srcset=\"https:\/\/residence-argeles-sur-mer.com\/wp-content\/uploads\/sites\/6\/2024\/10\/nos-appartements-a-louer-a-proximite-de-perpignan.webp 648w, https:\/\/residence-argeles-sur-mer.com\/wp-content\/uploads\/sites\/6\/2024\/10\/nos-appartements-a-louer-a-proximite-de-perpignan-592x790.webp 592w\" sizes=\"(max-width: 648px) 100vw, 648px\" \/><button\n\t\t\tclass=\"lightbox-trigger\"\n\t\t\ttype=\"button\"\n\t\t\taria-haspopup=\"dialog\"\n\t\t\taria-label=\"Vergroot afbeelding: onze appartementen te huur in de buurt van perpignan\"\n\t\t\tdata-wp-init=\"callbacks.initTriggerButton\"\n\t\t\tdata-wp-on-async--click=\"actions.showLightbox\"\n\t\t\tdata-wp-style--right=\"state.imageButtonRight\"\n\t\t\tdata-wp-style--top=\"state.imageButtonTop\"\n\t\t>\n\t\t\t<svg xmlns=\"http:\/\/www.w3.org\/2000\/svg\" width=\"12\" height=\"12\" fill=\"none\" viewBox=\"0 0 12 12\">\n\t\t\t\t<path fill=\"#fff\" d=\"M2 0a2 2 0 0 0-2 2v2h1.5V2a.5.5 0 0 1 .5-.5h2V0H2Zm2 10.5H2a.5.5 0 0 1-.5-.5V8H0v2a2 2 0 0 0 2 2h2v-1.5ZM8 12v-1.5h2a.5.5 0 0 0 .5-.5V8H12v2a2 2 0 0 1-2 2H8Zm2-12a2 2 0 0 1 2 2v2h-1.5V2a.5.5 0 0 0-.5-.5H8V0h2Z\" \/>\n\t\t\t<\/svg>\n\t\t<\/button><\/figure>\n<\/div>\n<\/div>\n<\/div>\n<\/div>\n\n<div style=\"height:var(--wp--preset--spacing--50)\" aria-hidden=\"true\" class=\"wp-block-spacer\"><\/div>\n\n<div class=\"wp-block-group alignfull is-layout-flow wp-block-group-is-layout-flow\" style=\"padding-bottom:0\">\n<div class=\"wp-block-group alignwide animated fadeIn slower is-layout-flow wp-block-group-is-layout-flow\" style=\"margin-top:0;margin-bottom:-33px;padding-right:0;padding-left:0\">\n<p class=\"gt-sliding-text has-contrast-3-color has-text-color has-link-color has-sogo-font-family wp-elements-3b0a62d677c316857b2750de3a2edf02\" style=\"margin-top:0;margin-right:0;margin-bottom:0;margin-left:0;font-size:7vw;font-style:normal;font-weight:300;line-height:1;text-transform:uppercase\">ONTDEK<\/p>\n<\/div>\n\n\n\n<div class=\"wp-block-group gt-break-mobile is-layout-grid wp-container-core-group-is-layout-12 wp-block-group-is-layout-grid\" style=\"border-radius:2rem\">\n<div\n\tstyle=\"border-radius:0rem;\" class=\"gt-maillage-2 wp-block-gt-gt-fse-maillage\"\tdata-wp-interactive=\"gt\/maillage\"\n\tdata-wp-on--click=\"actions.ctaLoad\"\n\tdata-wp-context='{\"radius\":\"0rem\",\"hover_bg_color\":\"#132f44\",\"hover_text_color\":\"#ffffff\",\"hover_image_opacity\":0.5}'>\t\n\n\t\n\t\t\t\t\t\t\t\t\t<div \n\t\t\t\tclass=\"gt-fse-maillage-link gt-fse-maillage-image-zoom gt-fse-maillage-hover-background-color gt-fse-maillage-hover-text-color\"\n\t\t\t\tstyle=\"border-radius: 0rem\"\n\t\t\t\tdata-wp-on-async--mouseover=\"actions.mouseover\"\n\t\t\t>\n\t\t\t\t\t\t\t\t\t\t\t\n<div class=\"wp-block-group is-layout-flow wp-block-group-is-layout-flow\">\n<div style=\"aspect-ratio:16\/9;min-height:unset;\" class=\"wp-block-cover is-light has-custom-content-position is-position-bottom-right has-aspect-ratio\"><span aria-hidden=\"true\" class=\"wp-block-cover__background has-black-background-color has-background-dim\"><\/span><img decoding=\"async\" width=\"1920\" height=\"434\" src=\"https:\/\/residence-argeles-sur-mer.com\/wp-content\/uploads\/sites\/6\/2024\/11\/faq-residence-antinea-argeles-sur-mer.webp\" class=\"wp-block-cover__image-background not-transparent wp-post-image\" alt=\"faq residentie antinea argeles sur mer\" data-object-fit=\"cover\" srcset=\"https:\/\/residence-argeles-sur-mer.com\/wp-content\/uploads\/sites\/6\/2024\/11\/faq-residence-antinea-argeles-sur-mer.webp 1920w, https:\/\/residence-argeles-sur-mer.com\/wp-content\/uploads\/sites\/6\/2024\/11\/faq-residence-antinea-argeles-sur-mer-690x156.webp 690w, https:\/\/residence-argeles-sur-mer.com\/wp-content\/uploads\/sites\/6\/2024\/11\/faq-residence-antinea-argeles-sur-mer-768x174.webp 768w, https:\/\/residence-argeles-sur-mer.com\/wp-content\/uploads\/sites\/6\/2024\/11\/faq-residence-antinea-argeles-sur-mer-1536x347.webp 1536w\" sizes=\"(max-width: 1920px) 100vw, 1920px\" data-has-transparency=\"false\" data-dominant-color=\"93964a\" style=\"--dominant-color: #93964a;\" \/><div class=\"wp-block-cover__inner-container has-global-padding is-layout-constrained wp-block-cover-is-layout-constrained\">\n\n\n\n<p style=\"font-weight:700;text-transform:uppercase;\" class=\"wp-elements-1d85624d063a7cb35988b7ee9856f738 wp-block-gt-gt-fse-maillage-titre has-text-color has-base-color has-large-font-size has-sogo-font-family\">\n    Alle antwoorden op je vragen over je verblijf in Argel\u00e8s-sur-Mer<\/p>\n\n<\/div><\/div>\n<\/div>\n\t\t\t\t\t\t\t<\/div>\n\t\t\t\t\t\t\t\t\t\t\t<div \n\t\t\t\tclass=\"gt-fse-maillage-link gt-fse-maillage-image-zoom gt-fse-maillage-hover-background-color gt-fse-maillage-hover-text-color\"\n\t\t\t\tstyle=\"border-radius: 0rem\"\n\t\t\t\tdata-wp-on-async--mouseover=\"actions.mouseover\"\n\t\t\t>\n\t\t\t\t\t\t\t\t\t\t\t\n<div class=\"wp-block-group is-layout-flow wp-block-group-is-layout-flow\">\n<div style=\"aspect-ratio:16\/9;min-height:unset;\" class=\"wp-block-cover is-light has-custom-content-position is-position-bottom-right has-aspect-ratio\"><span aria-hidden=\"true\" class=\"wp-block-cover__background has-black-background-color has-background-dim\"><\/span><img decoding=\"async\" width=\"1920\" height=\"434\" src=\"https:\/\/residence-argeles-sur-mer.com\/wp-content\/uploads\/sites\/6\/2024\/10\/tourisme-pyrenees-orientales-1.webp\" class=\"wp-block-cover__image-background not-transparent wp-post-image\" alt=\"toerisme pyrenees orientales\" data-object-fit=\"cover\" srcset=\"https:\/\/residence-argeles-sur-mer.com\/wp-content\/uploads\/sites\/6\/2024\/10\/tourisme-pyrenees-orientales-1.webp 1920w, https:\/\/residence-argeles-sur-mer.com\/wp-content\/uploads\/sites\/6\/2024\/10\/tourisme-pyrenees-orientales-1-690x156.webp 690w, https:\/\/residence-argeles-sur-mer.com\/wp-content\/uploads\/sites\/6\/2024\/10\/tourisme-pyrenees-orientales-1-768x174.webp 768w, https:\/\/residence-argeles-sur-mer.com\/wp-content\/uploads\/sites\/6\/2024\/10\/tourisme-pyrenees-orientales-1-1536x347.webp 1536w\" sizes=\"(max-width: 1920px) 100vw, 1920px\" data-has-transparency=\"false\" data-dominant-color=\"6f8599\" style=\"--dominant-color: #6f8599;\" \/><div class=\"wp-block-cover__inner-container has-global-padding is-layout-constrained wp-block-cover-is-layout-constrained\">\n\n\n\n<p style=\"font-weight:700;text-transform:uppercase;\" class=\"wp-elements-1d85624d063a7cb35988b7ee9856f738 wp-block-gt-gt-fse-maillage-titre has-text-color has-base-color has-large-font-size has-sogo-font-family\">\n    Ontdek de Pyr\u00e9n\u00e9es-Orientales tijdens uw verblijf<\/p>\n\n<\/div><\/div>\n<\/div>\n\t\t\t\t\t\t\t<\/div>\n\t\t\t\t\t\t\t\t\t\t\t<div \n\t\t\t\tclass=\"gt-fse-maillage-link gt-fse-maillage-image-zoom gt-fse-maillage-hover-background-color gt-fse-maillage-hover-text-color\"\n\t\t\t\tstyle=\"border-radius: 0rem\"\n\t\t\t\tdata-wp-on-async--mouseover=\"actions.mouseover\"\n\t\t\t>\n\t\t\t\t\t\t\t\t\t\t\t\n<div class=\"wp-block-group is-layout-flow wp-block-group-is-layout-flow\">\n<div style=\"aspect-ratio:16\/9;min-height:unset;\" class=\"wp-block-cover is-light has-custom-content-position is-position-bottom-right has-aspect-ratio\"><span aria-hidden=\"true\" class=\"wp-block-cover__background has-black-background-color has-background-dim\"><\/span><img decoding=\"async\" width=\"1920\" height=\"434\" src=\"https:\/\/residence-argeles-sur-mer.com\/wp-content\/uploads\/sites\/6\/2024\/10\/residence-pas-chere-argeles-sur-mer.webp\" class=\"wp-block-cover__image-background not-transparent wp-post-image\" alt=\"goedkoop residentie argeles sur mer\" data-object-fit=\"cover\" srcset=\"https:\/\/residence-argeles-sur-mer.com\/wp-content\/uploads\/sites\/6\/2024\/10\/residence-pas-chere-argeles-sur-mer.webp 1920w, https:\/\/residence-argeles-sur-mer.com\/wp-content\/uploads\/sites\/6\/2024\/10\/residence-pas-chere-argeles-sur-mer-690x156.webp 690w, https:\/\/residence-argeles-sur-mer.com\/wp-content\/uploads\/sites\/6\/2024\/10\/residence-pas-chere-argeles-sur-mer-768x174.webp 768w, https:\/\/residence-argeles-sur-mer.com\/wp-content\/uploads\/sites\/6\/2024\/10\/residence-pas-chere-argeles-sur-mer-1536x347.webp 1536w\" sizes=\"(max-width: 1920px) 100vw, 1920px\" data-has-transparency=\"false\" data-dominant-color=\"b08e69\" style=\"--dominant-color: #b08e69;\" \/><div class=\"wp-block-cover__inner-container has-global-padding is-layout-constrained wp-block-cover-is-layout-constrained\">\n\n\n\n<p style=\"font-weight:700;text-transform:uppercase;\" class=\"wp-elements-1d85624d063a7cb35988b7ee9856f738 wp-block-gt-gt-fse-maillage-titre has-text-color has-base-color has-large-font-size has-sogo-font-family\">\n    Je verblijft in een residentie in Argel\u00e8s-sur-Mer<\/p>\n\n<\/div><\/div>\n<\/div>\n\t\t\t\t\t\t\t<\/div>\n\t\t\t\t\t\t\t\t<\/div><\/div>\n\n\n\n<div style=\"height:6rem\" aria-hidden=\"true\" class=\"wp-block-spacer\"><\/div>\n<\/div>\n","protected":false},"excerpt":{"rendered":"<p>Onze residentie, ideaal gelegen op een steenworp afstand van Perpignan De R\u00e9sidence Antin\u00e9a , in de Pyr\u00e9n\u00e9es-Orientales, is ideaal gelegen op een steenworp afstand van Perpignan en is de perfecte uitvalsbasis om onze prachtige Catalaanse regio te ontdekken! Wanneer je in een van onze studio&#8217;s of appartementen in de residentie verblijft, kun je het rijke [&hellip;]<\/p>\n","protected":false},"author":1,"featured_media":5358,"parent":0,"menu_order":0,"comment_status":"closed","ping_status":"closed","template":"","meta":{"_acf_changed":false,"_seopress_robots_primary_cat":"","_seopress_titles_title":"Studio te huur Perpignan | R\u00e9sidence tourisme","_seopress_titles_desc":"Huur een comfortabele accommodatie met eersteklas services in de buurt van Perpignan: studio's en appartementen te huur in een toeristische residentie tussen de zee en de bergen","_seopress_robots_index":"","_gt_ctv_global_id":"1983","_gt_ctv_id_group":false,"inline_featured_image":false,"gt_fse_maillage_image":"","gt_fse_maillage_titre":"","gt_fse_maillage_resume":"","_gt_maillage_image":0,"_gt_maillage_video":0,"_gt_maillage_title":"","footnotes":""},"categories":[],"tags":[],"class_list":["post-5318","page","type-page","status-publish","has-post-thumbnail","hentry"],"acf":[],"_links":{"self":[{"href":"https:\/\/residence-argeles-sur-mer.com\/nl\/wp-json\/wp\/v2\/pages\/5318","targetHints":{"allow":["GET"]}}],"collection":[{"href":"https:\/\/residence-argeles-sur-mer.com\/nl\/wp-json\/wp\/v2\/pages"}],"about":[{"href":"https:\/\/residence-argeles-sur-mer.com\/nl\/wp-json\/wp\/v2\/types\/page"}],"author":[{"embeddable":true,"href":"https:\/\/residence-argeles-sur-mer.com\/nl\/wp-json\/wp\/v2\/users\/1"}],"replies":[{"embeddable":true,"href":"https:\/\/residence-argeles-sur-mer.com\/nl\/wp-json\/wp\/v2\/comments?post=5318"}],"version-history":[{"count":8,"href":"https:\/\/residence-argeles-sur-mer.com\/nl\/wp-json\/wp\/v2\/pages\/5318\/revisions"}],"predecessor-version":[{"id":7123,"href":"https:\/\/residence-argeles-sur-mer.com\/nl\/wp-json\/wp\/v2\/pages\/5318\/revisions\/7123"}],"wp:featuredmedia":[{"embeddable":true,"href":"https:\/\/residence-argeles-sur-mer.com\/nl\/wp-json\/wp\/v2\/media\/5358"}],"wp:attachment":[{"href":"https:\/\/residence-argeles-sur-mer.com\/nl\/wp-json\/wp\/v2\/media?parent=5318"}],"wp:term":[{"taxonomy":"category","embeddable":true,"href":"https:\/\/residence-argeles-sur-mer.com\/nl\/wp-json\/wp\/v2\/categories?post=5318"},{"taxonomy":"post_tag","embeddable":true,"href":"https:\/\/residence-argeles-sur-mer.com\/nl\/wp-json\/wp\/v2\/tags?post=5318"}],"curies":[{"name":"wp","href":"https:\/\/api.w.org\/{rel}","templated":true}]}}