{"id":5338,"date":"2024-10-21T16:48:34","date_gmt":"2024-10-21T14:48:34","guid":{"rendered":"https:\/\/residence-argeles-sur-mer.com\/faq-residence-argeles-sur-mer\/"},"modified":"2024-12-02T10:36:50","modified_gmt":"2024-12-02T09:36:50","slug":"residence-argeles-sur-mer-faq","status":"publish","type":"page","link":"https:\/\/residence-argeles-sur-mer.com\/en\/residence-argeles-sur-mer-faq\/","title":{"rendered":"All the answers to your questions about your stay in Argel\u00e8s-sur-Mer"},"content":{"rendered":"\n<div class=\"wp-block-group alignfull gt-reveal gt-faq-section has-global-padding is-layout-constrained wp-block-group-is-layout-constrained\">\n<div class=\"wp-block-group has-global-padding is-layout-constrained wp-block-group-is-layout-constrained\">\n<figure class=\"wp-block-image aligncenter size-full gt-reveal-down\"><img data-dominant-color=\"b15526\" data-has-transparency=\"true\" style=\"--dominant-color: #b15526;\" decoding=\"async\" width=\"43\" height=\"21\" src=\"https:\/\/residence-argeles-sur-mer.com\/wp-content\/uploads\/sites\/6\/2024\/08\/separator.png\" alt=\"separator\" class=\"wp-image-150 has-transparency\"\/><\/figure>\n\n\n\n<div class=\"wp-block-group gt-reveal-down has-global-padding is-layout-constrained wp-container-core-group-is-layout-2 wp-block-group-is-layout-constrained\">\n<div class=\"wp-block-group has-contrast-background-color has-background is-layout-flow wp-block-group-is-layout-flow\" style=\"min-height:2rem\"><\/div>\n<\/div>\n<\/div>\n\n\n<h2 class=\"wp-block-heading has-text-align-center gt-reveal-down has-accent-color has-text-color has-link-color wp-elements-0f42e9a51754b567be424758a83a0c1b\" id=\"our-frequently-asked-questions-for-all-your-queries\">Our frequently asked questions <br>for all your queries<\/h2>\n\n\n<div class=\"wp-block-group alignwide is-vertical is-content-justification-stretch is-layout-flex wp-container-core-group-is-layout-4 wp-block-group-is-layout-flex\">\n<div class=\"wp-block-columns alignwide gt-no-border-mobile is-layout-flex wp-container-core-columns-is-layout-1 wp-block-columns-is-layout-flex\" style=\"border-bottom-width:1px\">\n<div class=\"wp-block-column gt-no-border-mobile is-layout-flow wp-block-column-is-layout-flow\">\n<details class=\"wp-block-details is-layout-flow wp-block-details-is-layout-flow\" style=\"padding-top:var(--wp--preset--spacing--20);padding-right:var(--wp--preset--spacing--30);padding-bottom:var(--wp--preset--spacing--20);padding-left:0\"><summary><strong>What types of accommodation are available?<\/strong><\/summary>\n<p>We only rent studios\/apartments at Antin\u00e9a.<\/p>\n<\/details>\n<\/div>\n\n\n\n<div class=\"wp-block-column gt-no-border-mobile is-layout-flow wp-block-column-is-layout-flow\" style=\"border-left-width:1px\">\n<details class=\"wp-block-details is-layout-flow wp-block-details-is-layout-flow\" style=\"padding-top:var(--wp--preset--spacing--20);padding-right:0;padding-bottom:var(--wp--preset--spacing--20);padding-left:var(--wp--preset--spacing--30)\"><summary><strong>Are you VACAF approved?<\/strong><\/summary>\n<p>No.<\/p>\n<\/details>\n<\/div>\n<\/div>\n\n\n\n<div class=\"wp-block-columns alignwide gt-no-border-mobile is-layout-flex wp-container-core-columns-is-layout-2 wp-block-columns-is-layout-flex\" style=\"border-bottom-width:1px\">\n<div class=\"wp-block-column gt-no-border-mobile is-layout-flow wp-block-column-is-layout-flow\">\n<details class=\"wp-block-details is-layout-flow wp-block-details-is-layout-flow\" style=\"padding-top:var(--wp--preset--spacing--20);padding-right:var(--wp--preset--spacing--30);padding-bottom:var(--wp--preset--spacing--20);padding-left:0\"><summary><strong>What time should I arrive? What time should I leave? <\/strong><\/summary>\n<p>Studios and apartments are guaranteed from 5 p.m. onwards. For earlier arrivals, after check-in you can use the swimming pool and the facilities of the campsite and residence. Departures must be made before 10 a.m., and an appointment must be made 48 hours in advance at reception in order to schedule the departure inventory for the day of your departure.<\/p>\n<\/details>\n<\/div>\n\n\n\n<div class=\"wp-block-column gt-no-border-mobile is-layout-flow wp-block-column-is-layout-flow\" style=\"border-left-width:1px\">\n<details class=\"wp-block-details is-layout-flow wp-block-details-is-layout-flow\" style=\"padding-top:var(--wp--preset--spacing--20);padding-right:0;padding-bottom:var(--wp--preset--spacing--20);padding-left:var(--wp--preset--spacing--30)\"><summary><strong>Do you have laundry facilities? What services and shops are available on site? <\/strong><\/summary>\n<p>A coin-operated launderette is available on the campsite. A grocery store with bread and pastries, takeaway pizzas, a wellness chalet and a bar\/restaurant all contribute to a pleasant vacation. During the high season, family entertainment is available during the day and in the evening. A children&#8217;s club (ages 6 to 12) is also available, subject to registration.   <\/p>\n<\/details>\n<\/div>\n<\/div>\n\n\n\n<div class=\"wp-block-columns alignwide gt-no-border-mobile is-layout-flex wp-container-core-columns-is-layout-3 wp-block-columns-is-layout-flex\" style=\"border-bottom-width:1px\">\n<div class=\"wp-block-column gt-no-border-mobile is-layout-flow wp-block-column-is-layout-flow\">\n<details class=\"wp-block-details is-layout-flow wp-block-details-is-layout-flow\" style=\"padding-top:var(--wp--preset--spacing--20);padding-right:var(--wp--preset--spacing--30);padding-bottom:var(--wp--preset--spacing--20);padding-left:0\"><summary><strong>What to do on arrival<\/strong><\/summary>\n<p>When you arrive, please go to reception. We will welcome you and give you all the information you need for your stay. When you move into the studio or apartment, you&#8217;ll be asked to complete an inventory, which you&#8217;ll need to hand in to reception the next morning, along with your deposit.  <\/p>\n<\/details>\n<\/div>\n\n\n\n<div class=\"wp-block-column gt-no-border-mobile is-layout-flow wp-block-column-is-layout-flow\" style=\"border-left-width:1px\">\n<details class=\"wp-block-details is-layout-flow wp-block-details-is-layout-flow\" style=\"padding-top:var(--wp--preset--spacing--20);padding-right:0;padding-bottom:var(--wp--preset--spacing--20);padding-left:var(--wp--preset--spacing--30)\"><summary><strong>Which swimsuits are allowed?<\/strong><\/summary>\n<p>We accept swimming trunks for men, and swimsuits (1 or 2 pieces) for women. <strong>Swimming shorts are strictly forbidden.<\/strong><\/p>\n<\/details>\n<\/div>\n<\/div>\n\n\n\n<div class=\"wp-block-columns alignwide gt-no-border-mobile is-layout-flex wp-container-core-columns-is-layout-4 wp-block-columns-is-layout-flex\" style=\"border-bottom-width:1px\">\n<div class=\"wp-block-column gt-no-border-mobile is-layout-flow wp-block-column-is-layout-flow\">\n<details class=\"wp-block-details is-layout-flow wp-block-details-is-layout-flow\" style=\"padding-top:var(--wp--preset--spacing--20);padding-right:var(--wp--preset--spacing--30);padding-bottom:var(--wp--preset--spacing--20);padding-left:0\"><summary><strong>What are the reception hours? Swimming pool? <\/strong><\/summary>\n<p>The R\u00e9sidence reception is open only on Saturdays in July and August, from 8 a.m. to 12 p.m. and from 1 p.m. to 8 p.m. For the rest of the week, please refer to the campsite reception, which is open every day. The swimming pool is open from June to September, from 10 a.m. to 8 p.m.  <\/p>\n<\/details>\n<\/div>\n\n\n\n<div class=\"wp-block-column gt-no-border-mobile is-layout-flow wp-block-column-is-layout-flow\" style=\"border-left-width:1px\">\n<details class=\"wp-block-details is-layout-flow wp-block-details-is-layout-flow\" style=\"padding-top:var(--wp--preset--spacing--20);padding-right:0;padding-bottom:var(--wp--preset--spacing--20);padding-left:var(--wp--preset--spacing--30)\"><summary><strong>Is there wifi?<\/strong><\/summary>\n<p>Yes, you will have one wifi connection per apartment, valid for 1 device, no others will be available even at extra cost.<\/p>\n<\/details>\n<\/div>\n<\/div>\n\n\n\n<div class=\"wp-block-columns alignwide gt-no-border-mobile is-layout-flex wp-container-core-columns-is-layout-5 wp-block-columns-is-layout-flex\" style=\"border-bottom-width:1px\">\n<div class=\"wp-block-column gt-no-border-mobile is-layout-flow wp-block-column-is-layout-flow\">\n<details class=\"wp-block-details is-layout-flow wp-block-details-is-layout-flow\" style=\"padding-top:var(--wp--preset--spacing--20);padding-right:var(--wp--preset--spacing--30);padding-bottom:var(--wp--preset--spacing--20);padding-left:0\"><summary><strong>What if we arrive after reception hours?<\/strong><\/summary>\n<p>Don&#8217;t worry, if you arrive outside reception hours, we&#8217;ll offer you an alternative thanks to our on-site security guards. Please do not hesitate to contact us for further information. <\/p>\n<\/details>\n<\/div>\n\n\n\n<div class=\"wp-block-column gt-no-border-mobile is-layout-flow wp-block-column-is-layout-flow\" style=\"border-left-width:1px\">\n<details class=\"wp-block-details is-layout-flow wp-block-details-is-layout-flow\" style=\"padding-top:var(--wp--preset--spacing--20);padding-right:0;padding-bottom:var(--wp--preset--spacing--20);padding-left:var(--wp--preset--spacing--30)\"><summary><strong>Is there a parking lot?<\/strong><\/summary>\n<p>Outdoor parking is available in front of the residence. Spaces are not allocated. <\/p>\n<\/details>\n<\/div>\n<\/div>\n\n\n\n<div class=\"wp-block-columns alignwide gt-no-border-mobile is-layout-flex wp-container-core-columns-is-layout-6 wp-block-columns-is-layout-flex\" style=\"border-bottom-width:1px\">\n<div class=\"wp-block-column gt-no-border-mobile is-layout-flow wp-block-column-is-layout-flow\">\n<details class=\"wp-block-details is-layout-flow wp-block-details-is-layout-flow\" style=\"padding-top:var(--wp--preset--spacing--20);padding-right:var(--wp--preset--spacing--30);padding-bottom:var(--wp--preset--spacing--20);padding-left:0\"><summary><strong>Can we invite friends? Do my visitors have access to the pool? <\/strong><\/summary>\n<p>If you have visitors coming to see you on site, it is imperative that you inform reception. They can spend the day with you, but cannot sleep on site. Visitors don&#8217;t have access to the swimming pool, but you can still have lunch in the restaurant, a drink in the bar, or use the facilities (such as the p\u00e9tanque court and soccer pitch). The swimming pool is the only place they won&#8217;t have access to, for reasons of insurance and capacity.   <\/p>\n<\/details>\n<\/div>\n\n\n\n<div class=\"wp-block-column gt-no-border-mobile is-layout-flow wp-block-column-is-layout-flow\" style=\"border-left-width:1px\">\n<details class=\"wp-block-details is-layout-flow wp-block-details-is-layout-flow\" style=\"padding-top:var(--wp--preset--spacing--20);padding-right:0;padding-bottom:var(--wp--preset--spacing--20);padding-left:var(--wp--preset--spacing--30)\"><summary><strong>Are sheets provided?<\/strong><\/summary>\n<p>No, you must bring your own linen (sheets, towels, tea towels, etc.). Disposable sheets are available at \u20ac13 per pair, please ask at reception. <\/p>\n<\/details>\n<\/div>\n<\/div>\n\n\n\n<div class=\"wp-block-columns alignwide gt-no-border-mobile is-layout-flex wp-container-core-columns-is-layout-7 wp-block-columns-is-layout-flex\" style=\"border-bottom-width:1px\">\n<div class=\"wp-block-column gt-no-border-mobile is-layout-flow wp-block-column-is-layout-flow\">\n<details class=\"wp-block-details is-layout-flow wp-block-details-is-layout-flow\" style=\"padding-top:var(--wp--preset--spacing--20);padding-right:var(--wp--preset--spacing--30);padding-bottom:var(--wp--preset--spacing--20);padding-left:0\"><summary><strong>What payment methods do you accept?<\/strong><\/summary>\n<p>We accept payment by credit card, cheque, vacation vouchers, bank transfer and cash.<\/p>\n<\/details>\n<\/div>\n\n\n\n<div class=\"wp-block-column gt-no-border-mobile is-layout-flow wp-block-column-is-layout-flow\" style=\"border-left-width:1px\">\n<details class=\"wp-block-details is-layout-flow wp-block-details-is-layout-flow\" style=\"padding-top:var(--wp--preset--spacing--20);padding-right:0;padding-bottom:var(--wp--preset--spacing--20);padding-left:var(--wp--preset--spacing--30)\"><summary><strong>Are household products provided?<\/strong><\/summary>\n<p>No, they&#8217;re not provided; you&#8217;ll need to bring your own. Studios and apartments are equipped with brooms, mops and buckets. <\/p>\n<\/details>\n<\/div>\n<\/div>\n\n\n\n<div class=\"wp-block-columns alignwide gt-no-border-mobile is-layout-flex wp-container-core-columns-is-layout-8 wp-block-columns-is-layout-flex\" style=\"border-bottom-width:1px\">\n<div class=\"wp-block-column gt-no-border-mobile is-layout-flow wp-block-column-is-layout-flow\">\n<details class=\"wp-block-details is-layout-flow wp-block-details-is-layout-flow\" style=\"padding-top:var(--wp--preset--spacing--20);padding-right:var(--wp--preset--spacing--30);padding-bottom:var(--wp--preset--spacing--20);padding-left:0\"><summary><strong>How much is the deposit?<\/strong><\/summary>\n<p>Two deposits will be required: one of \u20ac500 for the studio and equipment and one of \u20ac150 for cleaning. You can pay these deposits in 2 checks or by credit card. <\/p>\n<\/details>\n<\/div>\n\n\n\n<div class=\"wp-block-column gt-no-border-mobile is-layout-flow wp-block-column-is-layout-flow\" style=\"border-left-width:1px\"><\/div>\n<\/div>\n<\/div>\n<\/div>\n\n<div class=\"wp-block-group alignfull has-global-padding is-layout-constrained wp-block-group-is-layout-constrained\">\n<div style=\"height:6rem\" aria-hidden=\"true\" class=\"wp-block-spacer\"><\/div>\n\n\n\n<div class=\"wp-block-group alignfull gt-reveal gt-break-mobile is-content-justification-center is-nowrap is-layout-flex wp-container-core-group-is-layout-8 wp-block-group-is-layout-flex\">\n<div class=\"wp-block-group is-nowrap is-layout-flex wp-container-core-group-is-layout-7 wp-block-group-is-layout-flex\" style=\"padding-right:var(--wp--preset--spacing--20);padding-left:var(--wp--preset--spacing--20)\">\n<div class=\"wp-block-group has-global-padding is-layout-constrained wp-block-group-is-layout-constrained\"><h2 class=\"wp-block-heading has-accent-color has-text-color has-link-color wp-elements-7e7b13c183d47ea73852a75cdb6ca743\" id=\"our-optional-extras-for-your-comfort\">Our optional extras <br>for your comfort<\/h2>\n\n\n<p class=\"has-medium-font-size\"><strong>Disposable sheets<\/strong>: \u20ac13 per pair<\/p>\n\n\n\n<p class=\"has-medium-font-size\"><strong>End-of-stay cleaning<\/strong>: \u20ac150<\/p>\n\n\n\n<p class=\"has-medium-font-size\"><strong>Baby kit rental<\/strong>: \u20ac20 (cot without mattress, high chair, bathtub)<\/p>\n\n\n\n<p class=\"has-medium-font-size\">For any further information about the campsite, please do <a href=\"https:\/\/residence-argeles-sur-mer.com\/en\/contact-access-argeles-sur-mer\/\">not hesitate to contact us<\/a> on 04.68.81.10.38 or by e-mail <a href=\"mailto:contact@camping-del-mar.com\">contact@camping-del-mar.com<\/a><\/p>\n\n\n\n<p class=\"has-medium-font-size\">We look forward to welcoming you!<\/p>\n\n\n\n<p class=\"has-medium-font-size\"><a href=\"https:\/\/residence-argeles-sur-mer.com\/en\/\">The R\u00e9sidence Antin\u00e9a<\/a> team<\/p>\n<\/div>\n<\/div>\n\n\n\n<figure class=\"wp-block-image size-full\"><img data-dominant-color=\"8c8870\" data-has-transparency=\"false\" style=\"--dominant-color: #8c8870;\" decoding=\"async\" width=\"662\" height=\"531\" src=\"https:\/\/residence-argeles-sur-mer.com\/wp-content\/uploads\/sites\/6\/2024\/10\/nos-options-en-supplement-pour-votre-confort-menage-fin-de-sejour.webp\" alt=\"our optional extras for your convenience end-of-stay housework\" class=\"wp-image-4383 not-transparent\"\/><\/figure>\n<\/div>\n\n\n\n<div style=\"height:6rem\" aria-hidden=\"true\" class=\"wp-block-spacer\"><\/div>\n<\/div>\n\n<div class=\"wp-block-group alignfull is-layout-flow wp-block-group-is-layout-flow\" style=\"padding-bottom:0\">\n<div class=\"wp-block-group alignwide animated fadeIn slower is-layout-flow wp-block-group-is-layout-flow\" style=\"margin-top:0;margin-bottom:-33px;padding-right:0;padding-left:0\">\n<p class=\"gt-sliding-text has-contrast-3-color has-text-color has-link-color has-sogo-font-family wp-elements-cb93cae8c27b9d086c01fab9f25f394b\" style=\"margin-top:0;margin-right:0;margin-bottom:0;margin-left:0;font-size:7vw;font-style:normal;font-weight:300;line-height:1;text-transform:uppercase\">EXPLORE<\/p>\n<\/div>\n\n\n\n<div class=\"wp-block-group gt-break-mobile is-layout-grid wp-container-core-group-is-layout-14 wp-block-group-is-layout-grid\" style=\"border-radius:2rem\">\n<div\n\tstyle=\"border-radius:0rem;\" class=\"gt-maillage-1 wp-block-gt-gt-fse-maillage\"\tdata-wp-interactive=\"gt\/maillage\"\n\tdata-wp-on--click=\"actions.ctaLoad\"\n\tdata-wp-context='{\"radius\":\"0rem\",\"hover_bg_color\":\"#132f44\",\"hover_text_color\":\"#ffffff\",\"hover_image_opacity\":0.5}'>\t\n\n\t\n\t\t\t\t\t\t\t\t\t<div \n\t\t\t\tclass=\"gt-fse-maillage-link gt-fse-maillage-image-zoom gt-fse-maillage-hover-background-color gt-fse-maillage-hover-text-color\"\n\t\t\t\tstyle=\"border-radius: 0rem\"\n\t\t\t\tdata-wp-on-async--mouseover=\"actions.mouseover\"\n\t\t\t>\n\t\t\t\t\t\t\t\t\t\t\t\n<div class=\"wp-block-group is-layout-flow wp-block-group-is-layout-flow\">\n<div style=\"aspect-ratio:16\/9;min-height:unset;\" class=\"wp-block-cover is-light has-custom-content-position is-position-bottom-right has-aspect-ratio\"><span aria-hidden=\"true\" class=\"wp-block-cover__background has-black-background-color has-background-dim\"><\/span><img decoding=\"async\" width=\"1920\" height=\"434\" src=\"https:\/\/residence-argeles-sur-mer.com\/wp-content\/uploads\/sites\/6\/2024\/10\/tourisme-pyrenees-orientales-1.webp\" class=\"wp-block-cover__image-background wp-post-image\" alt=\"tourism pyrenees orientales\" data-object-fit=\"cover\" srcset=\"https:\/\/residence-argeles-sur-mer.com\/wp-content\/uploads\/sites\/6\/2024\/10\/tourisme-pyrenees-orientales-1.webp 1920w, https:\/\/residence-argeles-sur-mer.com\/wp-content\/uploads\/sites\/6\/2024\/10\/tourisme-pyrenees-orientales-1-690x156.webp 690w, https:\/\/residence-argeles-sur-mer.com\/wp-content\/uploads\/sites\/6\/2024\/10\/tourisme-pyrenees-orientales-1-768x174.webp 768w, https:\/\/residence-argeles-sur-mer.com\/wp-content\/uploads\/sites\/6\/2024\/10\/tourisme-pyrenees-orientales-1-1536x347.webp 1536w\" sizes=\"(max-width: 1920px) 100vw, 1920px\" \/><div class=\"wp-block-cover__inner-container has-global-padding is-layout-constrained wp-block-cover-is-layout-constrained\">\n\n\n\n<p style=\"font-weight:700;text-transform:uppercase;\" class=\"wp-elements-1d85624d063a7cb35988b7ee9856f738 wp-block-gt-gt-fse-maillage-titre has-text-color has-base-color has-large-font-size has-sogo-font-family\">\n    Discover the Pyr\u00e9n\u00e9es-Orientales during your stay<\/p>\n\n<\/div><\/div>\n<\/div>\n\t\t\t\t\t\t\t<\/div>\n\t\t\t\t\t\t\t\t\t\t\t<div \n\t\t\t\tclass=\"gt-fse-maillage-link gt-fse-maillage-image-zoom gt-fse-maillage-hover-background-color gt-fse-maillage-hover-text-color\"\n\t\t\t\tstyle=\"border-radius: 0rem\"\n\t\t\t\tdata-wp-on-async--mouseover=\"actions.mouseover\"\n\t\t\t>\n\t\t\t\t\t\t\t\t\t\t\t\n<div class=\"wp-block-group is-layout-flow wp-block-group-is-layout-flow\">\n<div style=\"aspect-ratio:16\/9;min-height:unset;\" class=\"wp-block-cover is-light has-custom-content-position is-position-bottom-right has-aspect-ratio\"><span aria-hidden=\"true\" class=\"wp-block-cover__background has-black-background-color has-background-dim\"><\/span><img decoding=\"async\" width=\"1920\" height=\"434\" src=\"https:\/\/residence-argeles-sur-mer.com\/wp-content\/uploads\/sites\/6\/2024\/10\/residence-pas-chere-argeles-sur-mer.webp\" class=\"wp-block-cover__image-background wp-post-image\" alt=\"low-cost residence argeles sur mer\" data-object-fit=\"cover\" srcset=\"https:\/\/residence-argeles-sur-mer.com\/wp-content\/uploads\/sites\/6\/2024\/10\/residence-pas-chere-argeles-sur-mer.webp 1920w, https:\/\/residence-argeles-sur-mer.com\/wp-content\/uploads\/sites\/6\/2024\/10\/residence-pas-chere-argeles-sur-mer-690x156.webp 690w, https:\/\/residence-argeles-sur-mer.com\/wp-content\/uploads\/sites\/6\/2024\/10\/residence-pas-chere-argeles-sur-mer-768x174.webp 768w, https:\/\/residence-argeles-sur-mer.com\/wp-content\/uploads\/sites\/6\/2024\/10\/residence-pas-chere-argeles-sur-mer-1536x347.webp 1536w\" sizes=\"(max-width: 1920px) 100vw, 1920px\" \/><div class=\"wp-block-cover__inner-container has-global-padding is-layout-constrained wp-block-cover-is-layout-constrained\">\n\n\n\n<p style=\"font-weight:700;text-transform:uppercase;\" class=\"wp-elements-1d85624d063a7cb35988b7ee9856f738 wp-block-gt-gt-fse-maillage-titre has-text-color has-base-color has-large-font-size has-sogo-font-family\">\n    Your stay in a residence in Argel\u00e8s-sur-Mer<\/p>\n\n<\/div><\/div>\n<\/div>\n\t\t\t\t\t\t\t<\/div>\n\t\t\t\t\t\t\t\t\t\t\t<div \n\t\t\t\tclass=\"gt-fse-maillage-link gt-fse-maillage-image-zoom gt-fse-maillage-hover-background-color gt-fse-maillage-hover-text-color\"\n\t\t\t\tstyle=\"border-radius: 0rem\"\n\t\t\t\tdata-wp-on-async--mouseover=\"actions.mouseover\"\n\t\t\t>\n\t\t\t\t\t\t\t\t\t\t\t\n<div class=\"wp-block-group is-layout-flow wp-block-group-is-layout-flow\">\n<div style=\"aspect-ratio:16\/9;min-height:unset;\" class=\"wp-block-cover is-light has-custom-content-position is-position-bottom-right has-aspect-ratio\"><span aria-hidden=\"true\" class=\"wp-block-cover__background has-black-background-color has-background-dim\"><\/span><img decoding=\"async\" width=\"1920\" height=\"434\" src=\"https:\/\/residence-argeles-sur-mer.com\/wp-content\/uploads\/sites\/6\/2024\/10\/location-hebergement-argeles-sur-mer.webp\" class=\"wp-block-cover__image-background wp-post-image\" alt=\"accommodation rental argeles sur mer\" data-object-fit=\"cover\" srcset=\"https:\/\/residence-argeles-sur-mer.com\/wp-content\/uploads\/sites\/6\/2024\/10\/location-hebergement-argeles-sur-mer.webp 1920w, https:\/\/residence-argeles-sur-mer.com\/wp-content\/uploads\/sites\/6\/2024\/10\/location-hebergement-argeles-sur-mer-690x156.webp 690w, https:\/\/residence-argeles-sur-mer.com\/wp-content\/uploads\/sites\/6\/2024\/10\/location-hebergement-argeles-sur-mer-768x174.webp 768w, https:\/\/residence-argeles-sur-mer.com\/wp-content\/uploads\/sites\/6\/2024\/10\/location-hebergement-argeles-sur-mer-1536x347.webp 1536w\" sizes=\"(max-width: 1920px) 100vw, 1920px\" \/><div class=\"wp-block-cover__inner-container has-global-padding is-layout-constrained wp-block-cover-is-layout-constrained\">\n\n\n\n<p style=\"font-weight:700;text-transform:uppercase;\" class=\"wp-elements-1d85624d063a7cb35988b7ee9856f738 wp-block-gt-gt-fse-maillage-titre has-text-color has-base-color has-large-font-size has-sogo-font-family\">\n    Cosy, comfortable accommodation to rent in Argel\u00e8s-sur-Mer<\/p>\n\n<\/div><\/div>\n<\/div>\n\t\t\t\t\t\t\t<\/div>\n\t\t\t\t\t\t\t\t<\/div><\/div>\n\n\n\n<div style=\"height:6rem\" aria-hidden=\"true\" class=\"wp-block-spacer\"><\/div>\n<\/div>\n","protected":false},"excerpt":{"rendered":"<p>Our frequently asked questions for all your queries Our optional extras for your comfort Disposable sheets: \u20ac13 per pair End-of-stay cleaning: \u20ac150 Baby kit rental: \u20ac20 (cot without mattress, high chair, bathtub) For any further information about the campsite, please do not hesitate to contact us on 04.68.81.10.38 or by e-mail contact@camping-del-mar.com We look forward [&hellip;]<\/p>\n","protected":false},"author":1,"featured_media":6665,"parent":0,"menu_order":0,"comment_status":"closed","ping_status":"closed","template":"","meta":{"_acf_changed":false,"_seopress_robots_primary_cat":"","_seopress_titles_title":"FAQ Tourism residence Argel\u00e8s-sur-Mer","_seopress_titles_desc":"Find the answers to your questions about your stay in an apartment or studio at the R\u00e9sidence Antin\u00e9a in Argel\u00e8s-sur-Mer, Pyr\u00e9n\u00e9es-Orientales.","_seopress_robots_index":"","_gt_ctv_global_id":"","_gt_ctv_id_group":false,"inline_featured_image":false,"gt_fse_maillage_image":"","gt_fse_maillage_titre":"","gt_fse_maillage_resume":"","_gt_maillage_image":0,"_gt_maillage_video":0,"_gt_maillage_title":"","footnotes":""},"categories":[],"tags":[],"class_list":["post-5338","page","type-page","status-publish","has-post-thumbnail","hentry"],"acf":[],"_links":{"self":[{"href":"https:\/\/residence-argeles-sur-mer.com\/en\/wp-json\/wp\/v2\/pages\/5338","targetHints":{"allow":["GET"]}}],"collection":[{"href":"https:\/\/residence-argeles-sur-mer.com\/en\/wp-json\/wp\/v2\/pages"}],"about":[{"href":"https:\/\/residence-argeles-sur-mer.com\/en\/wp-json\/wp\/v2\/types\/page"}],"author":[{"embeddable":true,"href":"https:\/\/residence-argeles-sur-mer.com\/en\/wp-json\/wp\/v2\/users\/1"}],"replies":[{"embeddable":true,"href":"https:\/\/residence-argeles-sur-mer.com\/en\/wp-json\/wp\/v2\/comments?post=5338"}],"version-history":[{"count":5,"href":"https:\/\/residence-argeles-sur-mer.com\/en\/wp-json\/wp\/v2\/pages\/5338\/revisions"}],"predecessor-version":[{"id":7140,"href":"https:\/\/residence-argeles-sur-mer.com\/en\/wp-json\/wp\/v2\/pages\/5338\/revisions\/7140"}],"wp:featuredmedia":[{"embeddable":true,"href":"https:\/\/residence-argeles-sur-mer.com\/en\/wp-json\/wp\/v2\/media\/6665"}],"wp:attachment":[{"href":"https:\/\/residence-argeles-sur-mer.com\/en\/wp-json\/wp\/v2\/media?parent=5338"}],"wp:term":[{"taxonomy":"category","embeddable":true,"href":"https:\/\/residence-argeles-sur-mer.com\/en\/wp-json\/wp\/v2\/categories?post=5338"},{"taxonomy":"post_tag","embeddable":true,"href":"https:\/\/residence-argeles-sur-mer.com\/en\/wp-json\/wp\/v2\/tags?post=5338"}],"curies":[{"name":"wp","href":"https:\/\/api.w.org\/{rel}","templated":true}]}}